{"id":17428,"date":"2025-04-30T17:56:44","date_gmt":"2025-04-30T15:56:44","guid":{"rendered":"https:\/\/balissi.com\/sin categor\u00eda\/maxi-falda-4\/"},"modified":"2025-04-30T17:56:44","modified_gmt":"2025-04-30T15:56:44","slug":"maxi-falda-4","status":"publish","type":"product","link":"https:\/\/balissi.com\/es\/mujer\/faldas\/maxi-falda-4\/","title":{"rendered":"Maxi falda"},"content":{"rendered":"<p>La viscosa 100% vegetal es un tejido suave, transpirable y ecol\u00f3gico para la ropa.<\/p>\n","protected":false},"excerpt":{"rendered":"<p>Una maxifalda escalonada con un vibrante estampado de hojas tropicales en tonos verdes, verde azulado y toques morados, sobre un fondo de color aguamarina claro o menta. Tiene una cintura el\u00e1stica para mayor comodidad y unos volantes fluidos que a\u00f1aden volumen y movimiento, perfectos para llevar en un centro tur\u00edstico o para salir en verano.<\/p>\n","protected":false},"featured_media":16772,"comment_status":"open","ping_status":"closed","template":"","meta":[],"product_brand":[],"product_cat":[138],"product_tag":[],"class_list":{"0":"post-17428","1":"product","2":"type-product","3":"status-publish","4":"has-post-thumbnail","6":"product_cat-faldas","8":"first","9":"instock","10":"taxable","11":"shipping-taxable","12":"purchasable","13":"product-type-variable"},"jetpack_sharing_enabled":true,"_links":{"self":[{"href":"https:\/\/balissi.com\/es\/wp-json\/wp\/v2\/product\/17428","targetHints":{"allow":["GET"]}}],"collection":[{"href":"https:\/\/balissi.com\/es\/wp-json\/wp\/v2\/product"}],"about":[{"href":"https:\/\/balissi.com\/es\/wp-json\/wp\/v2\/types\/product"}],"replies":[{"embeddable":true,"href":"https:\/\/balissi.com\/es\/wp-json\/wp\/v2\/comments?post=17428"}],"version-history":[{"count":0,"href":"https:\/\/balissi.com\/es\/wp-json\/wp\/v2\/product\/17428\/revisions"}],"wp:featuredmedia":[{"embeddable":true,"href":"https:\/\/balissi.com\/es\/wp-json\/wp\/v2\/media\/16772"}],"wp:attachment":[{"href":"https:\/\/balissi.com\/es\/wp-json\/wp\/v2\/media?parent=17428"}],"wp:term":[{"taxonomy":"product_brand","embeddable":true,"href":"https:\/\/balissi.com\/es\/wp-json\/wp\/v2\/product_brand?post=17428"},{"taxonomy":"product_cat","embeddable":true,"href":"https:\/\/balissi.com\/es\/wp-json\/wp\/v2\/product_cat?post=17428"},{"taxonomy":"product_tag","embeddable":true,"href":"https:\/\/balissi.com\/es\/wp-json\/wp\/v2\/product_tag?post=17428"}],"curies":[{"name":"wp","href":"https:\/\/api.w.org\/{rel}","templated":true}]}}