{"id":17471,"date":"2025-04-16T21:18:23","date_gmt":"2025-04-16T19:18:23","guid":{"rendered":"https:\/\/balissi.com\/sin categor\u00eda\/camiseta-de-manga-corta\/"},"modified":"2025-04-16T21:18:23","modified_gmt":"2025-04-16T19:18:23","slug":"camiseta-de-manga-corta","status":"publish","type":"product","link":"https:\/\/balissi.com\/es\/hombre\/camisas-de-manga-corta-hombre\/camiseta-de-manga-corta\/","title":{"rendered":"Camiseta de manga corta"},"content":{"rendered":"<p>Grandes hojas verdes de palmera y monstera, con reflejos amarillo claro, sobre fondo blanco o beige claro. El dise\u00f1o de la hoja tiene un estilo esbozado y dibujado a mano, que le da un aire relajado y veraniego.<\/p>\n<p>La viscosa 100% vegetal es un tejido suave, transpirable y ecol\u00f3gico para la ropa.<\/p>\n","protected":false},"excerpt":{"rendered":"<p>Estilo: RELAXED FIT<\/p>\n<p>Ropa informal, fiestas en la playa, vacaciones de verano o eventos de tem\u00e1tica tropical. Comb\u00ednalo con unos shorts de lino, unos pantalones blancos o beige, o incluso con un ba\u00f1ador, para un look f\u00e1cil de vacaciones.<\/p>\n<p>Camisa ligera transpirable para mayor comodidad con bolsillo de parche<\/p>\n<p>Dise\u00f1ado y fabricado en Bali<\/p>\n<p>&nbsp;<\/p>\n<p>&nbsp;<\/p>\n<p>&nbsp;<\/p>\n","protected":false},"featured_media":16957,"comment_status":"open","ping_status":"closed","template":"","meta":[],"product_brand":[],"product_cat":[132],"product_tag":[],"class_list":{"0":"post-17471","1":"product","2":"type-product","3":"status-publish","4":"has-post-thumbnail","6":"product_cat-camisas-de-manga-corta-hombre","8":"first","9":"instock","10":"taxable","11":"shipping-taxable","12":"purchasable","13":"product-type-variable"},"jetpack_sharing_enabled":true,"_links":{"self":[{"href":"https:\/\/balissi.com\/es\/wp-json\/wp\/v2\/product\/17471","targetHints":{"allow":["GET"]}}],"collection":[{"href":"https:\/\/balissi.com\/es\/wp-json\/wp\/v2\/product"}],"about":[{"href":"https:\/\/balissi.com\/es\/wp-json\/wp\/v2\/types\/product"}],"replies":[{"embeddable":true,"href":"https:\/\/balissi.com\/es\/wp-json\/wp\/v2\/comments?post=17471"}],"version-history":[{"count":0,"href":"https:\/\/balissi.com\/es\/wp-json\/wp\/v2\/product\/17471\/revisions"}],"wp:featuredmedia":[{"embeddable":true,"href":"https:\/\/balissi.com\/es\/wp-json\/wp\/v2\/media\/16957"}],"wp:attachment":[{"href":"https:\/\/balissi.com\/es\/wp-json\/wp\/v2\/media?parent=17471"}],"wp:term":[{"taxonomy":"product_brand","embeddable":true,"href":"https:\/\/balissi.com\/es\/wp-json\/wp\/v2\/product_brand?post=17471"},{"taxonomy":"product_cat","embeddable":true,"href":"https:\/\/balissi.com\/es\/wp-json\/wp\/v2\/product_cat?post=17471"},{"taxonomy":"product_tag","embeddable":true,"href":"https:\/\/balissi.com\/es\/wp-json\/wp\/v2\/product_tag?post=17471"}],"curies":[{"name":"wp","href":"https:\/\/api.w.org\/{rel}","templated":true}]}}