{"id":17479,"date":"2025-04-23T19:31:37","date_gmt":"2025-04-23T17:31:37","guid":{"rendered":"https:\/\/balissi.com\/sin categor\u00eda\/camiseta-de-manga-corta-2\/"},"modified":"2025-04-23T19:31:37","modified_gmt":"2025-04-23T17:31:37","slug":"camiseta-de-manga-corta-2","status":"publish","type":"product","link":"https:\/\/balissi.com\/es\/hombre\/camisas-de-manga-corta-hombre\/camiseta-de-manga-corta-2\/","title":{"rendered":"Camiseta de manga corta"},"content":{"rendered":"<p>Una pieza llamativa para alguien que quiera destacar con un estilo tropical sin esfuerzo.<\/p>\n<p>La viscosa 100% de origen vegetal es un tejido suave, transpirable y ecol\u00f3gico para la ropa.<\/p>\n","protected":false},"excerpt":{"rendered":"<p>Un dise\u00f1o tropical atrevido y elegante que llama inmediatamente la atenci\u00f3n. La rica combinaci\u00f3n de motivos de hojas en naranja quemado, marr\u00f3n c\u00e1lido y beige sobre un fondo negro intenso le da un toque vibrante pero terrenal. Es perfecto para salidas veraniegas, vacaciones en la playa o incluso eventos nocturnos informales.<\/p>\n","protected":false},"featured_media":17252,"comment_status":"open","ping_status":"closed","template":"","meta":[],"product_brand":[],"product_cat":[132],"product_tag":[],"class_list":{"0":"post-17479","1":"product","2":"type-product","3":"status-publish","4":"has-post-thumbnail","6":"product_cat-camisas-de-manga-corta-hombre","8":"first","9":"instock","10":"taxable","11":"shipping-taxable","12":"purchasable","13":"product-type-variable"},"jetpack_sharing_enabled":true,"_links":{"self":[{"href":"https:\/\/balissi.com\/es\/wp-json\/wp\/v2\/product\/17479","targetHints":{"allow":["GET"]}}],"collection":[{"href":"https:\/\/balissi.com\/es\/wp-json\/wp\/v2\/product"}],"about":[{"href":"https:\/\/balissi.com\/es\/wp-json\/wp\/v2\/types\/product"}],"replies":[{"embeddable":true,"href":"https:\/\/balissi.com\/es\/wp-json\/wp\/v2\/comments?post=17479"}],"version-history":[{"count":0,"href":"https:\/\/balissi.com\/es\/wp-json\/wp\/v2\/product\/17479\/revisions"}],"wp:featuredmedia":[{"embeddable":true,"href":"https:\/\/balissi.com\/es\/wp-json\/wp\/v2\/media\/17252"}],"wp:attachment":[{"href":"https:\/\/balissi.com\/es\/wp-json\/wp\/v2\/media?parent=17479"}],"wp:term":[{"taxonomy":"product_brand","embeddable":true,"href":"https:\/\/balissi.com\/es\/wp-json\/wp\/v2\/product_brand?post=17479"},{"taxonomy":"product_cat","embeddable":true,"href":"https:\/\/balissi.com\/es\/wp-json\/wp\/v2\/product_cat?post=17479"},{"taxonomy":"product_tag","embeddable":true,"href":"https:\/\/balissi.com\/es\/wp-json\/wp\/v2\/product_tag?post=17479"}],"curies":[{"name":"wp","href":"https:\/\/api.w.org\/{rel}","templated":true}]}}